{"id":190,"date":"2016-07-03T21:29:50","date_gmt":"2016-07-03T19:29:50","guid":{"rendered":"http:\/\/www.g-heinrichs.de\/wordpress\/?page_id=190"},"modified":"2023-01-12T17:30:37","modified_gmt":"2023-01-12T16:30:37","slug":"informatik","status":"publish","type":"page","link":"https:\/\/www.g-heinrichs.de\/wordpress\/index.php\/informatik\/","title":{"rendered":"Informatik"},"content":{"rendered":"<div id=\"attachment_508\" style=\"width: 796px\" class=\"wp-caption alignnone\"><img loading=\"lazy\" decoding=\"async\" aria-describedby=\"caption-attachment-508\" class=\"size-full wp-image-508\" src=\"http:\/\/www.g-heinrichs.de\/wordpress\/wp-content\/uploads\/2016\/08\/mikropc.jpg\" alt=\"Simulation eines Mikroprozessors\" width=\"786\" height=\"593\" srcset=\"https:\/\/www.g-heinrichs.de\/wordpress\/wp-content\/uploads\/2016\/08\/mikropc.jpg 786w, https:\/\/www.g-heinrichs.de\/wordpress\/wp-content\/uploads\/2016\/08\/mikropc-300x226.jpg 300w, https:\/\/www.g-heinrichs.de\/wordpress\/wp-content\/uploads\/2016\/08\/mikropc-768x579.jpg 768w\" sizes=\"(max-width: 786px) 100vw, 786px\" \/><p id=\"caption-attachment-508\" class=\"wp-caption-text\">Simulation eines Mikroprozessors<\/p><\/div>\n<p>Die meisten benutzen ihn t\u00e4glich, aber kaum einer wei\u00df, wie er eigentlich funktioniert. <a href=\"https:\/\/www.g-heinrichs.de\/wordpress\/index.php\/informatik\/minipc\/\">Hier<\/a> k\u00f6nnen Sie es lernen&#8230;<\/p>\n","protected":false},"excerpt":{"rendered":"<p>Die meisten benutzen ihn t\u00e4glich, aber kaum einer wei\u00df, wie er eigentlich funktioniert. Hier k\u00f6nnen Sie es lernen&#8230;<\/p>\n","protected":false},"author":1,"featured_media":0,"parent":0,"menu_order":0,"comment_status":"closed","ping_status":"closed","template":"","meta":{"footnotes":""},"_links":{"self":[{"href":"https:\/\/www.g-heinrichs.de\/wordpress\/index.php\/wp-json\/wp\/v2\/pages\/190"}],"collection":[{"href":"https:\/\/www.g-heinrichs.de\/wordpress\/index.php\/wp-json\/wp\/v2\/pages"}],"about":[{"href":"https:\/\/www.g-heinrichs.de\/wordpress\/index.php\/wp-json\/wp\/v2\/types\/page"}],"author":[{"embeddable":true,"href":"https:\/\/www.g-heinrichs.de\/wordpress\/index.php\/wp-json\/wp\/v2\/users\/1"}],"replies":[{"embeddable":true,"href":"https:\/\/www.g-heinrichs.de\/wordpress\/index.php\/wp-json\/wp\/v2\/comments?post=190"}],"version-history":[{"count":10,"href":"https:\/\/www.g-heinrichs.de\/wordpress\/index.php\/wp-json\/wp\/v2\/pages\/190\/revisions"}],"predecessor-version":[{"id":1683,"href":"https:\/\/www.g-heinrichs.de\/wordpress\/index.php\/wp-json\/wp\/v2\/pages\/190\/revisions\/1683"}],"wp:attachment":[{"href":"https:\/\/www.g-heinrichs.de\/wordpress\/index.php\/wp-json\/wp\/v2\/media?parent=190"}],"curies":[{"name":"wp","href":"https:\/\/api.w.org\/{rel}","templated":true}]}}