{"id":2210,"date":"2026-04-20T18:03:24","date_gmt":"2026-04-20T16:03:24","guid":{"rendered":"https:\/\/www.g-heinrichs.de\/wordpress\/?page_id=2210"},"modified":"2026-04-20T23:15:51","modified_gmt":"2026-04-20T21:15:51","slug":"raummuehle-3","status":"publish","type":"page","link":"https:\/\/www.g-heinrichs.de\/wordpress\/index.php\/raummuehle-3\/","title":{"rendered":"Raumm\u00fchle"},"content":{"rendered":"\n<figure class=\"wp-block-image size-full\"><img loading=\"lazy\" decoding=\"async\" width=\"417\" height=\"299\" src=\"https:\/\/www.g-heinrichs.de\/wordpress\/wp-content\/uploads\/2026\/04\/Raummuehle.jpg\" alt=\"\" class=\"wp-image-2209\" srcset=\"https:\/\/www.g-heinrichs.de\/wordpress\/wp-content\/uploads\/2026\/04\/Raummuehle.jpg 417w, https:\/\/www.g-heinrichs.de\/wordpress\/wp-content\/uploads\/2026\/04\/Raummuehle-300x215.jpg 300w\" sizes=\"(max-width: 417px) 100vw, 417px\" \/><\/figure>\n\n\n\n<p>Beide Spieler, der Computer und Sie, setzen jeweils abwechselnd einen Stein auf das Spielbrett. Die Steine k\u00f6nnen auch zu einer S\u00e4ule gestapelt werden, allerdings d\u00fcrfen sich in einer S\u00e4ule h\u00f6chstens 4 Steine befinden.<\/p>\n\n\n\n<p>Der Computer spielt immer mit roten Steinen; Sie benutzen die gr\u00fcnen. Sieger des Spiels ist, wer als erster 4 Steine in einer Reihe unterbringt. Diese Reihe kann horizontal, vertikal oder auch diagonal liegen. Eine solche Reihe bildet eine <strong>M\u00fchle<\/strong>.<\/p>\n\n\n\n<p>Es k\u00f6nnen verschiedene Spielst\u00e4rken eingestellt werden; dazu gibt man an, wieviele <strong>weitere<\/strong> Folgez\u00fcge das Programm untersuchen soll.<\/p>\n\n\n\n<p>Das Programm stellt ein einfaches Beispiel f\u00fcr die Anwendung der <strong>Spieltheorie<\/strong> dar.<\/p>\n\n\n\n<p><strong>Download <a href=\"https:\/\/www.g-heinrichs.de\/wordpress\/wp-content\/uploads\/2026\/04\/Prog_Muehle.zip\">Raumm\u00fchle-Programm<\/a><\/strong><\/p>\n","protected":false},"excerpt":{"rendered":"<p>Beide Spieler, der Computer und Sie, setzen jeweils abwechselnd einen Stein auf das Spielbrett. Die Steine k\u00f6nnen auch zu einer S\u00e4ule gestapelt werden, allerdings d\u00fcrfen sich in einer S\u00e4ule h\u00f6chstens 4 Steine befinden. Der Computer spielt immer mit roten Steinen; Sie benutzen die gr\u00fcnen. Sieger des Spiels ist, wer als erster 4 Steine in einer <span class=\"ellipsis\">&hellip;<\/span> <span class=\"more-link-wrap\"><a href=\"https:\/\/www.g-heinrichs.de\/wordpress\/index.php\/raummuehle-3\/\" class=\"more-link\"><span>Read More &rarr;<\/span><\/a><\/span><\/p>\n","protected":false},"author":1,"featured_media":0,"parent":0,"menu_order":0,"comment_status":"closed","ping_status":"closed","template":"","meta":{"footnotes":""},"_links":{"self":[{"href":"https:\/\/www.g-heinrichs.de\/wordpress\/index.php\/wp-json\/wp\/v2\/pages\/2210"}],"collection":[{"href":"https:\/\/www.g-heinrichs.de\/wordpress\/index.php\/wp-json\/wp\/v2\/pages"}],"about":[{"href":"https:\/\/www.g-heinrichs.de\/wordpress\/index.php\/wp-json\/wp\/v2\/types\/page"}],"author":[{"embeddable":true,"href":"https:\/\/www.g-heinrichs.de\/wordpress\/index.php\/wp-json\/wp\/v2\/users\/1"}],"replies":[{"embeddable":true,"href":"https:\/\/www.g-heinrichs.de\/wordpress\/index.php\/wp-json\/wp\/v2\/comments?post=2210"}],"version-history":[{"count":9,"href":"https:\/\/www.g-heinrichs.de\/wordpress\/index.php\/wp-json\/wp\/v2\/pages\/2210\/revisions"}],"predecessor-version":[{"id":2225,"href":"https:\/\/www.g-heinrichs.de\/wordpress\/index.php\/wp-json\/wp\/v2\/pages\/2210\/revisions\/2225"}],"wp:attachment":[{"href":"https:\/\/www.g-heinrichs.de\/wordpress\/index.php\/wp-json\/wp\/v2\/media?parent=2210"}],"curies":[{"name":"wp","href":"https:\/\/api.w.org\/{rel}","templated":true}]}}