{"id":2228,"date":"2026-04-21T12:29:29","date_gmt":"2026-04-21T10:29:29","guid":{"rendered":"https:\/\/www.g-heinrichs.de\/wordpress\/?page_id=2228"},"modified":"2026-04-21T12:45:52","modified_gmt":"2026-04-21T10:45:52","slug":"8-damen-problem","status":"publish","type":"page","link":"https:\/\/www.g-heinrichs.de\/wordpress\/index.php\/8-damen-problem\/","title":{"rendered":"8-Damen-Problem"},"content":{"rendered":"\n<figure class=\"wp-block-image size-full is-resized\"><img loading=\"lazy\" decoding=\"async\" width=\"577\" height=\"440\" src=\"https:\/\/www.g-heinrichs.de\/wordpress\/wp-content\/uploads\/2026\/04\/dame.jpg\" alt=\"\" class=\"wp-image-2227\" style=\"width:398px;height:auto\" srcset=\"https:\/\/www.g-heinrichs.de\/wordpress\/wp-content\/uploads\/2026\/04\/dame.jpg 577w, https:\/\/www.g-heinrichs.de\/wordpress\/wp-content\/uploads\/2026\/04\/dame-300x229.jpg 300w\" sizes=\"(max-width: 577px) 100vw, 577px\" \/><\/figure>\n\n\n\n<p>8 Damen sollen so auf dem Schachbrett positioniert werden, dass sie sich gegenseitig nicht schlagen k\u00f6nnen. Das Programm <strong>Dame<\/strong> l\u00f6st dieses Problem in Sekundenschnelle (wenn eine niedrige Zugzeit gew\u00e4hlt wird). Dabei benutzt es zum Setzen bzw. Zur\u00fccksetzen eine Prozedur, die sich rekursiv aufruft, bis das Problem gel\u00f6st ist. Wer die einzelnen Schritte verfolgen m\u00f6chte, erh\u00f6ht die Zugzeit, z. B. auf 1000 ms.<\/p>\n\n\n\n<p><strong>Download: <a href=\"https:\/\/www.g-heinrichs.de\/wordpress\/wp-content\/uploads\/2026\/04\/DAME.zip\">Dame<\/a><\/strong><\/p>\n","protected":false},"excerpt":{"rendered":"<p>8 Damen sollen so auf dem Schachbrett positioniert werden, dass sie sich gegenseitig nicht schlagen k\u00f6nnen. Das Programm Dame l\u00f6st dieses Problem in Sekundenschnelle (wenn eine niedrige Zugzeit gew\u00e4hlt wird). Dabei benutzt es zum Setzen bzw. Zur\u00fccksetzen eine Prozedur, die sich rekursiv aufruft, bis das Problem gel\u00f6st ist. Wer die einzelnen Schritte verfolgen m\u00f6chte, erh\u00f6ht <span class=\"ellipsis\">&hellip;<\/span> <span class=\"more-link-wrap\"><a href=\"https:\/\/www.g-heinrichs.de\/wordpress\/index.php\/8-damen-problem\/\" class=\"more-link\"><span>Read More &rarr;<\/span><\/a><\/span><\/p>\n","protected":false},"author":1,"featured_media":0,"parent":0,"menu_order":0,"comment_status":"closed","ping_status":"closed","template":"","meta":{"footnotes":""},"_links":{"self":[{"href":"https:\/\/www.g-heinrichs.de\/wordpress\/index.php\/wp-json\/wp\/v2\/pages\/2228"}],"collection":[{"href":"https:\/\/www.g-heinrichs.de\/wordpress\/index.php\/wp-json\/wp\/v2\/pages"}],"about":[{"href":"https:\/\/www.g-heinrichs.de\/wordpress\/index.php\/wp-json\/wp\/v2\/types\/page"}],"author":[{"embeddable":true,"href":"https:\/\/www.g-heinrichs.de\/wordpress\/index.php\/wp-json\/wp\/v2\/users\/1"}],"replies":[{"embeddable":true,"href":"https:\/\/www.g-heinrichs.de\/wordpress\/index.php\/wp-json\/wp\/v2\/comments?post=2228"}],"version-history":[{"count":5,"href":"https:\/\/www.g-heinrichs.de\/wordpress\/index.php\/wp-json\/wp\/v2\/pages\/2228\/revisions"}],"predecessor-version":[{"id":2237,"href":"https:\/\/www.g-heinrichs.de\/wordpress\/index.php\/wp-json\/wp\/v2\/pages\/2228\/revisions\/2237"}],"wp:attachment":[{"href":"https:\/\/www.g-heinrichs.de\/wordpress\/index.php\/wp-json\/wp\/v2\/media?parent=2228"}],"curies":[{"name":"wp","href":"https:\/\/api.w.org\/{rel}","templated":true}]}}