{"id":2252,"date":"2026-04-22T15:53:39","date_gmt":"2026-04-22T13:53:39","guid":{"rendered":"https:\/\/www.g-heinrichs.de\/wordpress\/?page_id=2252"},"modified":"2026-04-22T16:05:55","modified_gmt":"2026-04-22T14:05:55","slug":"winkel-schaetzen","status":"publish","type":"page","link":"https:\/\/www.g-heinrichs.de\/wordpress\/index.php\/winkel-schaetzen\/","title":{"rendered":"Winkel sch\u00e4tzen"},"content":{"rendered":"\n<p>In der Schule lernt man ausgiebig, wie man Winkel (z. B. mit Hilfe eines Geodreiecks) misst oder zeichnet. Genauso wichtig ist es aber auch, die Gr\u00f6\u00dfe von Winkeln (<strong>ohne<\/strong> Hilfsmittel) zu sch\u00e4tzen. Dies kann man mit dem Programm <strong>Winkel<\/strong> auf spielerische Art \u00fcben.<\/p>\n\n\n\n<figure class=\"wp-block-image size-full is-resized\"><img loading=\"lazy\" decoding=\"async\" width=\"721\" height=\"587\" src=\"https:\/\/www.g-heinrichs.de\/wordpress\/wp-content\/uploads\/2026\/04\/winkel_ablesen.jpg\" alt=\"\" class=\"wp-image-2257\" style=\"width:465px;height:auto\" srcset=\"https:\/\/www.g-heinrichs.de\/wordpress\/wp-content\/uploads\/2026\/04\/winkel_ablesen.jpg 721w, https:\/\/www.g-heinrichs.de\/wordpress\/wp-content\/uploads\/2026\/04\/winkel_ablesen-300x244.jpg 300w\" sizes=\"(max-width: 721px) 100vw, 721px\" \/><\/figure>\n\n\n\n<p><strong>Download: <a href=\"https:\/\/www.g-heinrichs.de\/wordpress\/wp-content\/uploads\/2026\/04\/Prog_Winkel.zip\">Winkel<\/a><\/strong><\/p>\n","protected":false},"excerpt":{"rendered":"<p>In der Schule lernt man ausgiebig, wie man Winkel (z. B. mit Hilfe eines Geodreiecks) misst oder zeichnet. Genauso wichtig ist es aber auch, die Gr\u00f6\u00dfe von Winkeln (ohne Hilfsmittel) zu sch\u00e4tzen. Dies kann man mit dem Programm Winkel auf spielerische Art \u00fcben. Download: Winkel<\/p>\n","protected":false},"author":1,"featured_media":0,"parent":0,"menu_order":0,"comment_status":"closed","ping_status":"closed","template":"","meta":{"footnotes":""},"_links":{"self":[{"href":"https:\/\/www.g-heinrichs.de\/wordpress\/index.php\/wp-json\/wp\/v2\/pages\/2252"}],"collection":[{"href":"https:\/\/www.g-heinrichs.de\/wordpress\/index.php\/wp-json\/wp\/v2\/pages"}],"about":[{"href":"https:\/\/www.g-heinrichs.de\/wordpress\/index.php\/wp-json\/wp\/v2\/types\/page"}],"author":[{"embeddable":true,"href":"https:\/\/www.g-heinrichs.de\/wordpress\/index.php\/wp-json\/wp\/v2\/users\/1"}],"replies":[{"embeddable":true,"href":"https:\/\/www.g-heinrichs.de\/wordpress\/index.php\/wp-json\/wp\/v2\/comments?post=2252"}],"version-history":[{"count":5,"href":"https:\/\/www.g-heinrichs.de\/wordpress\/index.php\/wp-json\/wp\/v2\/pages\/2252\/revisions"}],"predecessor-version":[{"id":2262,"href":"https:\/\/www.g-heinrichs.de\/wordpress\/index.php\/wp-json\/wp\/v2\/pages\/2252\/revisions\/2262"}],"wp:attachment":[{"href":"https:\/\/www.g-heinrichs.de\/wordpress\/index.php\/wp-json\/wp\/v2\/media?parent=2252"}],"curies":[{"name":"wp","href":"https:\/\/api.w.org\/{rel}","templated":true}]}}