{"id":237,"date":"2016-07-04T15:23:35","date_gmt":"2016-07-04T13:23:35","guid":{"rendered":"http:\/\/www.g-heinrichs.de\/wordpress\/?page_id=237"},"modified":"2023-01-27T21:56:46","modified_gmt":"2023-01-27T20:56:46","slug":"attiny-platine-3-0","status":"publish","type":"page","link":"https:\/\/www.g-heinrichs.de\/wordpress\/index.php\/attiny\/attiny-platine-3-0\/","title":{"rendered":"Attiny-Platine 3.0"},"content":{"rendered":"<div style=\"width: 535px\" class=\"wp-caption alignnone\"><img loading=\"lazy\" decoding=\"async\" src=\"http:\/\/www.g-heinrichs.de\/attiny\/bild_platine_3.jpg\" width=\"525\" height=\"386\" \/><p class=\"wp-caption-text\">Attiny-Platine 3<\/p><\/div>\n<h3>Eigenschaften<\/h3>\n<ul>\n<li>AVR-Attiny2313-Mikrocontroller (nicht verl\u00f6tet, sondern auf Fassung gesteckt)<\/li>\n<li>USB-UART-Wandler auf Platine integriert; Bootloader sorgt f\u00fcr hohe Geschwindigkeit bei Benutzung der USB-Schnittstelle<\/li>\n<li>(fast) alle Anschl\u00fcsse des AVR \u00fcber Kontaktbuchsen mit Patchkabeln erreichbar<\/li>\n<li>parallel zu den 8 Bits eines vollst\u00e4ndigen Ports (Port B) 8 Buchsen mit Widerstandsarray; dadurch k\u00f6nnen mittels LEDs die Zust\u00e4nde des Ports angezeigt werden<\/li>\n<li>zwei Interrupteing\u00e4nge direkt mit Tastern verbunden, einer davon mit Kondensator entprellt<\/li>\n<li>ein Piezo-Speaker<br \/>ein Leistungsverst\u00e4rker zum Anschluss von G\u00fchl\u00e4mpchen, Elektromotor&#8230;<\/li>\n<li>Serielle Kommunikation und schnelle Programmierung \u00fcber USB<\/li>\n<li>I2C-Vorbereitung durch Pullup-Widerst\u00e4nde (durch Jumper zuschaltbar)<\/li>\n<li>SPI-Programmierung \u00fcber USB<\/li>\n<li>zus\u00e4tzliche Kontaktfelder f\u00fcr komplexere Schaltungen<\/li>\n<li>Stromversorgung und Daten\u00fcbertragung \u00fcber Standard-USB-Verl\u00e4ngerungskabel; Stromversorgung \u00fcber 9V-Batterie und Spannungsstabilisator optional<\/li>\n<li>Buchsenleiste zum Anschluss eines kleinen, preiswerten LCD (LCD im Lieferumfang)<\/li>\n<li>Buchsenleiste zum Anschluss weiterer Ger\u00e4te, frei patchbar!<\/li>\n<li>Reset-Taster zum Neustarten eines Programms oder zum Aktivieren eines Upload-Vorgangs<\/li>\n<\/ul>\n<div id=\"attachment_240\" style=\"width: 955px\" class=\"wp-caption alignnone\"><img loading=\"lazy\" decoding=\"async\" aria-describedby=\"caption-attachment-240\" class=\"size-full wp-image-240\" src=\"http:\/\/www.g-heinrichs.de\/wordpress\/wp-content\/uploads\/2016\/07\/schaltplan3.jpg\" alt=\"Schaltplan der Platine 3.0\" width=\"945\" height=\"544\" srcset=\"https:\/\/www.g-heinrichs.de\/wordpress\/wp-content\/uploads\/2016\/07\/schaltplan3.jpg 945w, https:\/\/www.g-heinrichs.de\/wordpress\/wp-content\/uploads\/2016\/07\/schaltplan3-300x173.jpg 300w, https:\/\/www.g-heinrichs.de\/wordpress\/wp-content\/uploads\/2016\/07\/schaltplan3-768x442.jpg 768w\" sizes=\"(max-width: 945px) 100vw, 945px\" \/><p id=\"caption-attachment-240\" class=\"wp-caption-text\">Schaltplan der Platine 3.0<\/p><\/div>\n<h3>Hinweise zur Platine 3.0<\/h3>\n<ol>\n<li>Zum Lieferumfang geh\u00f6ren die Platine, ein USB-Anschlusskabel, 10 LEDs, eine Fotodiode, 2 Jumper, K\u00e4belchen, ein LCD (2 mal 8 Zeichen) und die n\u00f6tige Software (uploader-Programm etc.).<\/li>\n<li>Das LCD benutzt das Port B; dabei bleiben PortB.5 und PortB.7 zum Betrieb des I2C-Bus frei.<\/li>\n<li>\u00dcber die Buchsenleiste lassen sich bequem weitere Ger\u00e4te anschlie\u00dfen. Dazu wird die Buchsenleiste \u00fcber Patchkabel mit den Pins des Attiny2313 verbunden; auf diese Weise ist eine flexible Zuordnung der Buchsenleistenpins zu den Attiny-Pins m\u00f6glich.<\/li>\n<li>Auf der Platine befindet sich ein Leistungs-MOSFET, der \u00fcber die Platine oder \u00fcber eine externe Stromquelle versorgt werden kann. Er kann \u00fcber einen Ausgang des Mikrocontrollers auch Verbraucher ein- und ausschalten, die gr\u00f6\u00dfere Str\u00f6me ben\u00f6tigen (z.B. Gl\u00fchl\u00e4mpchen oder Elektromotoren).<\/li>\n<li>Die Platine ist f\u00fcr einen Stand-Alone-Betrieb ohne USB-Kabel vorbereitet: Dazu m\u00fcssen auf der Platine lediglich ein Clip-Anschluss f\u00fcr 9-V-Batterien, ein Schalter, zwei Kondensatoren und ein 5-V-Regler angel\u00f6tet werden.<\/li>\n<\/ol>\n<p>Wenn Sie Interesse am Erwerb einer oder mehrerer Platinen haben (als Bausatz oder fix und fertig, ab ca. 20 Euro), wenden Sie sich bitte direkt an Herrn Eube (eeube@ish.de).<\/p>\n<p>\u00a0<\/p>\n\n\n<p><\/p>\n","protected":false},"excerpt":{"rendered":"<p>Eigenschaften AVR-Attiny2313-Mikrocontroller (nicht verl\u00f6tet, sondern auf Fassung gesteckt) USB-UART-Wandler auf Platine integriert; Bootloader sorgt f\u00fcr hohe Geschwindigkeit bei Benutzung der USB-Schnittstelle (fast) alle Anschl\u00fcsse des AVR \u00fcber Kontaktbuchsen mit Patchkabeln erreichbar parallel zu den 8 Bits eines vollst\u00e4ndigen Ports (Port B) 8 Buchsen mit Widerstandsarray; dadurch k\u00f6nnen mittels LEDs die Zust\u00e4nde des Ports angezeigt werden <span class=\"ellipsis\">&hellip;<\/span> <span class=\"more-link-wrap\"><a href=\"https:\/\/www.g-heinrichs.de\/wordpress\/index.php\/attiny\/attiny-platine-3-0\/\" class=\"more-link\"><span>Read More &rarr;<\/span><\/a><\/span><\/p>\n","protected":false},"author":1,"featured_media":0,"parent":110,"menu_order":0,"comment_status":"closed","ping_status":"closed","template":"","meta":{"footnotes":""},"_links":{"self":[{"href":"https:\/\/www.g-heinrichs.de\/wordpress\/index.php\/wp-json\/wp\/v2\/pages\/237"}],"collection":[{"href":"https:\/\/www.g-heinrichs.de\/wordpress\/index.php\/wp-json\/wp\/v2\/pages"}],"about":[{"href":"https:\/\/www.g-heinrichs.de\/wordpress\/index.php\/wp-json\/wp\/v2\/types\/page"}],"author":[{"embeddable":true,"href":"https:\/\/www.g-heinrichs.de\/wordpress\/index.php\/wp-json\/wp\/v2\/users\/1"}],"replies":[{"embeddable":true,"href":"https:\/\/www.g-heinrichs.de\/wordpress\/index.php\/wp-json\/wp\/v2\/comments?post=237"}],"version-history":[{"count":6,"href":"https:\/\/www.g-heinrichs.de\/wordpress\/index.php\/wp-json\/wp\/v2\/pages\/237\/revisions"}],"predecessor-version":[{"id":1706,"href":"https:\/\/www.g-heinrichs.de\/wordpress\/index.php\/wp-json\/wp\/v2\/pages\/237\/revisions\/1706"}],"up":[{"embeddable":true,"href":"https:\/\/www.g-heinrichs.de\/wordpress\/index.php\/wp-json\/wp\/v2\/pages\/110"}],"wp:attachment":[{"href":"https:\/\/www.g-heinrichs.de\/wordpress\/index.php\/wp-json\/wp\/v2\/media?parent=237"}],"curies":[{"name":"wp","href":"https:\/\/api.w.org\/{rel}","templated":true}]}}