{"id":258,"date":"2016-07-06T14:58:57","date_gmt":"2016-07-06T12:58:57","guid":{"rendered":"http:\/\/www.g-heinrichs.de\/wordpress\/?page_id=258"},"modified":"2023-01-12T16:48:51","modified_gmt":"2023-01-12T15:48:51","slug":"technische-einzelheiten","status":"publish","type":"page","link":"https:\/\/www.g-heinrichs.de\/wordpress\/index.php\/attiny\/technische-einzelheiten\/","title":{"rendered":"Technische Einzelheiten (AT2313)"},"content":{"rendered":"<p align=\"center\"><span style=\"font-size: 300%;\"><strong>Technische Einzelheiten<\/strong><\/span><\/p>\n<div style=\"width: 273px\" class=\"wp-caption alignright\"><img loading=\"lazy\" decoding=\"async\" src=\"http:\/\/www.g-heinrichs.de\/attiny\/Platine3.jpg\" width=\"263\" height=\"172\" \/><p class=\"wp-caption-text\">Attiny-Platine 1.0<\/p><\/div>\n<ul>\n<li><a href=\"https:\/\/www.g-heinrichs.de\/attiny\/schaltplan.jpg\"><span style=\"font-size: large;\">Schaltbild (Platine 1.0)<\/span><\/a><\/li>\n<li><a href=\"https:\/\/www.g-heinrichs.de\/attiny\/schaltplan2.jpg\"><span style=\"font-size: large;\">Schaltbild (Platine 2.0)<\/span><\/a><\/li>\n<li><a href=\"https:\/\/www.g-heinrichs.de\/attiny\/schaltplan_2_1.jpg\"><span style=\"font-size: large;\">Schaltbild (Platine 2.1)<\/span><\/a><\/li>\n<li><a href=\"https:\/\/www.g-heinrichs.de\/attiny\/schaltplan3.jpg\"><span style=\"font-size: large;\">Schaltbild (Platine 3.0)<\/span><\/a><\/li>\n<li><a href=\"https:\/\/www.g-heinrichs.de\/attiny\/lageplan.jpg\"><span style=\"font-size: large;\">Lageplan (Platine 1.0)<\/span><\/a><\/li>\n<li><a href=\"https:\/\/www.g-heinrichs.de\/attiny\/lageplan2.jpg\"><span style=\"font-size: large;\">Lageplan (Platine 2.0)<\/span><\/a><\/li>\n<li><a href=\"https:\/\/www.g-heinrichs.de\/attiny\/lageplan_2_1.jpg\"><span style=\"font-size: large;\">Lageplan (Platine 2.1)<\/span><\/a><\/li>\n<li><a href=\"https:\/\/www.g-heinrichs.de\/attiny\/lageplan3.jpg\"><span style=\"font-size: large;\">Lageplan (Platine 3.0)<\/span><\/a><\/li>\n<li><a href=\"https:\/\/www.g-heinrichs.de\/attiny\/Installation.pdf\"><span style=\"font-size: large;\">Installation der Programmierumgebung<\/span><\/a><\/li>\n<li><a href=\"https:\/\/www.g-heinrichs.de\/attiny\/Test.pdf\"><span style=\"font-size: large;\">Testen der Programmierumgebung<\/span><\/a><\/li>\n<li><a href=\"https:\/\/www.g-heinrichs.de\/attiny\/USBCOMKabel.pdf\"><span style=\"font-size: large;\">USB-COM-Kabel<\/span><\/a><\/li>\n<li><a href=\"https:\/\/www.g-heinrichs.de\/attiny\/spi2.pdf\"><span style=\"font-size: large;\">SPI-Programmierung<\/span><\/a><\/li>\n<li><a href=\"https:\/\/www.g-heinrichs.de\/attiny\/Kalibrierung.pdf\"><span style=\"font-size: large;\">Kalibrierung<\/span><\/a><\/li>\n<li><a href=\"https:\/\/www.g-heinrichs.de\/attiny\/Bootloader.pdf\"><span style=\"font-size: large;\">Funktionsweise des Bootloaders<\/span><\/a><\/li>\n<li><a href=\"https:\/\/www.g-heinrichs.de\/attiny\/Technische_Beschreibung_der_AttinyPlatine.pdf\"><span style=\"font-size: large;\">Erl\u00e4uterungen zum Schaltbild (Platine 1.0)<\/span><\/a><\/li>\n<li><a href=\"https:\/\/www.g-heinrichs.de\/attiny\/Technische_Beschreibung_der_AttinyPlatine2.pdf\"><span style=\"font-size: large;\">Erl\u00e4uterungen zum Schaltbild (Platine 2.0)<\/span><\/a><\/li>\n<li><a href=\"https:\/\/www.g-heinrichs.de\/attiny\/Technische_Beschreibung_der_AttinyPlatine3.pdf\"><span style=\"font-size: large;\">Erl\u00e4uterungen zum Schaltbild (Platine 3.0)<\/span><\/a><\/li>\n<li><a href=\"https:\/\/www.g-heinrichs.de\/attiny\/inbetriebnahme3.pdf\"><span style=\"font-size: large;\">Inbetriebnahme der Platine 3.0<\/span><\/a><\/li>\n<\/ul>\n","protected":false},"excerpt":{"rendered":"<p>Technische Einzelheiten Schaltbild (Platine 1.0) Schaltbild (Platine 2.0) Schaltbild (Platine 2.1) Schaltbild (Platine 3.0) Lageplan (Platine 1.0) Lageplan (Platine 2.0) Lageplan (Platine 2.1) Lageplan (Platine 3.0) Installation der Programmierumgebung Testen der Programmierumgebung USB-COM-Kabel SPI-Programmierung Kalibrierung Funktionsweise des Bootloaders Erl\u00e4uterungen zum Schaltbild (Platine 1.0) Erl\u00e4uterungen zum Schaltbild (Platine 2.0) Erl\u00e4uterungen zum Schaltbild (Platine 3.0) Inbetriebnahme der <span class=\"ellipsis\">&hellip;<\/span> <span class=\"more-link-wrap\"><a href=\"https:\/\/www.g-heinrichs.de\/wordpress\/index.php\/attiny\/technische-einzelheiten\/\" class=\"more-link\"><span>Read More &rarr;<\/span><\/a><\/span><\/p>\n","protected":false},"author":1,"featured_media":0,"parent":110,"menu_order":0,"comment_status":"closed","ping_status":"closed","template":"","meta":{"footnotes":""},"_links":{"self":[{"href":"https:\/\/www.g-heinrichs.de\/wordpress\/index.php\/wp-json\/wp\/v2\/pages\/258"}],"collection":[{"href":"https:\/\/www.g-heinrichs.de\/wordpress\/index.php\/wp-json\/wp\/v2\/pages"}],"about":[{"href":"https:\/\/www.g-heinrichs.de\/wordpress\/index.php\/wp-json\/wp\/v2\/types\/page"}],"author":[{"embeddable":true,"href":"https:\/\/www.g-heinrichs.de\/wordpress\/index.php\/wp-json\/wp\/v2\/users\/1"}],"replies":[{"embeddable":true,"href":"https:\/\/www.g-heinrichs.de\/wordpress\/index.php\/wp-json\/wp\/v2\/comments?post=258"}],"version-history":[{"count":5,"href":"https:\/\/www.g-heinrichs.de\/wordpress\/index.php\/wp-json\/wp\/v2\/pages\/258\/revisions"}],"predecessor-version":[{"id":1662,"href":"https:\/\/www.g-heinrichs.de\/wordpress\/index.php\/wp-json\/wp\/v2\/pages\/258\/revisions\/1662"}],"up":[{"embeddable":true,"href":"https:\/\/www.g-heinrichs.de\/wordpress\/index.php\/wp-json\/wp\/v2\/pages\/110"}],"wp:attachment":[{"href":"https:\/\/www.g-heinrichs.de\/wordpress\/index.php\/wp-json\/wp\/v2\/media?parent=258"}],"curies":[{"name":"wp","href":"https:\/\/api.w.org\/{rel}","templated":true}]}}