{"id":287,"date":"2016-07-06T21:57:30","date_gmt":"2016-07-06T19:57:30","guid":{"rendered":"http:\/\/www.g-heinrichs.de\/wordpress\/?page_id=287"},"modified":"2023-01-12T17:19:44","modified_gmt":"2023-01-12T16:19:44","slug":"downloads","status":"publish","type":"page","link":"https:\/\/www.g-heinrichs.de\/wordpress\/index.php\/attiny\/downloads\/","title":{"rendered":"Downloads (AT2313\/AT4313)"},"content":{"rendered":"<h2 align=\"center\"><strong>Attiny-Projekt: Downloads<\/strong><\/h2>\n<h3>Software zum Entwickeln und Uploaden\/Brennen<\/h3>\n<p><strong>Hinweis: Mit dem neuen Uploader 2.0.1 und dem zugeh\u00f6rigen Einrichtungsassistenten (s. Tools) k\u00f6nnen die folgenden Links nicht nur f\u00fcr den Attiny2313, sondern auch f\u00fcr den Attiny4313 benutzt werden (vgl. auch die entsprechenden <a href=\"http:\/\/www.forum.g-heinrichs.de\/viewforum.php?f=13\">Eintr\u00e4ge<\/a> in meinem Forum). Ersetzen Sie dazu den Attiny2313 auf der Attiny-Platine einfach durch einen Attiny4313.<\/strong><\/p>\n<p><a href=\"https:\/\/www.g-heinrichs.de\/attiny\/Installation.pdf\">Hinweise zur Installation (BASCOM und Uploader)<\/a><br \/><a href=\"https:\/\/www.mcselec.com\/\">BASCOM-AVR Entwicklungsumgebung<\/a> (externer Link)<br \/><a href=\"https:\/\/www.g-heinrichs.de\/attiny\/uploader.zip\">Uploader<\/a>\u00a0(Version 1.1.6 f\u00fcr die Attiny-Platine 1.x)<br \/><a href=\"https:\/\/www.g-heinrichs.de\/attiny\/uploader_2.zip\">Uploader<\/a> (Version 2.0.1 f\u00fcr die Attiny-Platine 1.x, 2.x und 3.x inkl. Tools, f\u00fcr Attiny2313 und Attiny4313)<br \/><a href=\"https:\/\/www.g-heinrichs.de\/attiny\/bootloader.hex\">Bootloader (Hex-Datei)<\/a><br \/><a href=\"https:\/\/www.g-heinrichs.de\/attiny\/Bootloader.pdf\">Erl\u00e4uterungen zum Bootloader<\/a><br \/><a href=\"https:\/\/www.g-heinrichs.de\/attiny\/calattiny2313.hex\">Kalibrierprogramm (Hex-Datei)<\/a><br \/><a href=\"https:\/\/www.g-heinrichs.de\/attiny\/Kalibrierung.pdf\">Hinweise zur Kalibrierung des Attiny2313<\/a><br \/><a href=\"https:\/\/www.g-heinrichs.de\/attiny\/PascalCompiler1.pdf\">Pascal-Compiler f\u00fcr den Attiny<\/a><br \/><a href=\"http:\/\/www.lancos.com\/ppwin95.html\">PonyProg2000<\/a> (externer Link; Achtung: Version 2.06f oder h\u00f6her w\u00e4hlen!)<br \/><a href=\"https:\/\/www.g-heinrichs.de\/attiny\/spi2.pdf\">Hinweise zur SPI-Programmierung<\/a><br \/><a href=\"https:\/\/www.g-heinrichs.de\/attiny\/YLcd_i2c.lib\">BASCOM-Library &#8222;YLcd-i2c.lib&#8220; f\u00fcr YwRobot-LCD<\/a><\/p>\n<h3>Attiny-Platine<\/h3>\n<p><a href=\"https:\/\/www.g-heinrichs.de\/attiny\/schaltplan.jpg\">Schaltbild der Attiny-Platine 1.0<\/a><br \/><a href=\"https:\/\/www.g-heinrichs.de\/attiny\/schaltplan2.jpg\">Schaltbild der Attiny-Platine 2.0<\/a><br \/><a href=\"https:\/\/www.g-heinrichs.de\/attiny\/Schaltskizze_2_1.jpg\">Schaltbild der Attiny-Platine 2.1<\/a><br \/><a href=\"https:\/\/www.g-heinrichs.de\/attiny\/schaltplan3.jpg\">Schaltbild der Attiny-Platine 3.0<\/a><br \/><a href=\"https:\/\/www.g-heinrichs.de\/attiny\/lageplan.jpg\">Lageplan der Attiny-Platine 1.0<\/a><br \/><a href=\"https:\/\/www.g-heinrichs.de\/attiny\/lageplan2.jpg\">Lageplan der Attiny-Platine 2.0<\/a><br \/><a href=\"https:\/\/www.g-heinrichs.de\/attiny\/lageplan_2_1.jpg\">Lageplan der Attiny-Platine 2.1<\/a><br \/><a href=\"https:\/\/www.g-heinrichs.de\/attiny\/lageplan3.jpg\">Lageplan der Attiny-Platine 3.0<\/a><br \/><a href=\"https:\/\/www.g-heinrichs.de\/attiny\/Technische_Beschreibung_der_AttinyPlatine.pdf\">Technische Erl\u00e4uterungen zur Attiny-Platine 1.0<\/a><br \/><a href=\"https:\/\/www.g-heinrichs.de\/attiny\/Technische_Beschreibung_der_AttinyPlatine2.pdf\">Technische Erl\u00e4uterungen zur Attiny-Platine 2.0<\/a><br \/><a href=\"https:\/\/www.g-heinrichs.de\/attiny\/Technische_Beschreibung_der_AttinyPlatine3.pdf\">Technische Erl\u00e4uterungen zur Attiny-Platine 3.0<\/a><br \/><a href=\"http:\/\/www.atmel.com\/dyn\/resources\/prod_documents\/DOC2543.PDF\">Datenblatt zum Attiny 2313 (externer Link)<\/a><br \/><a href=\"https:\/\/www.g-heinrichs.de\/attiny\/Erstinstallation.zip\">Hinweise zur Erstinstallation<\/a> (nur wichtig, wenn Sie den Mikrocontroller nicht von uns erhalten haben &#8211; jetzt mit Einrichtungsassistenten)<br \/><a href=\"https:\/\/www.g-heinrichs.de\/attiny\/USBCOMKabel.pdf\">Hinweise zur Benutzung des USB-COM-Kabels<\/a><br \/><a href=\"https:\/\/www.g-heinrichs.de\/attiny\/Kalibrierung.pdf\">Hinweise zur Kalibrierung des Attiny2313<\/a><br \/><a href=\"https:\/\/www.g-heinrichs.de\/attiny\/Test.pdf\">Hinweise zum Testen von Soft- und Hardware<\/a> (Platine 1.x und 2.x)<br \/><a href=\"https:\/\/www.g-heinrichs.de\/attiny\/inbetriebnahme3.pdf\">Inbetriebnahme der Platine 3.0<\/a><br \/><a href=\"https:\/\/www.g-heinrichs.de\/attiny\/CP210x_VCP_Windows.zip\">Treiber f\u00fcr die Attiny-Platine 3.0<\/a><br \/><a href=\"https:\/\/www.g-heinrichs.de\/attiny\/Einbau_und_Aktivieren_eines_Quarzes.pdf\">Einbau und Aktivierung eines Quarzes<\/a><\/p>\n<h3>Anleitungen<\/h3>\n<p><a href=\"https:\/\/www.g-heinrichs.de\/attiny\/Kurzanleitung_zur_AttinyPlatine1bis3.pdf\">Kurzanleitung zur Attiny-Platine<\/a><br \/><a href=\"https:\/\/www.g-heinrichs.de\/attiny\/bascom-avr20manual%20201_11_7.pdf\">BASCOM-Manual <\/a>(von MCS Electronics)<br \/><a href=\"https:\/\/www.g-heinrichs.de\/attiny\/KurzanleitungBASCOM.pdf\">Wichtige BASCOM-Befehle auf einen Blick<\/a><\/p>\n<h3>Informationsmaterial<\/h3>\n<p><a href=\"https:\/\/www.g-heinrichs.de\/attiny\/COMProtokoll.pdf\">COM-Protokoll<\/a><br \/><a href=\"https:\/\/www.g-heinrichs.de\/attiny\/Registermodell10.pdf\">Registermodell des Attiny und seine Anwendung<\/a><br \/><a href=\"https:\/\/www.g-heinrichs.de\/attiny\/I2C_Grundlagen_Attiny.pdf\">Informationen zu I2C<\/a><br \/><a href=\"https:\/\/www.g-heinrichs.de\/attiny\/spi.zip\">Attiny als SPI-Slave<\/a><br \/><a href=\"https:\/\/www.g-heinrichs.de\/attiny\/funken.zip\">Funken mit dem Attiny<\/a><\/p>\n<h3>Pr\u00e4sentationen<\/h3>\n<p><a href=\"https:\/\/www.g-heinrichs.de\/attiny\/ppt\/Entwicklung_des_Attiny_Boards_2.ppt\">Entwicklung der Attiny-Platine<\/a><br \/><a href=\"https:\/\/www.g-heinrichs.de\/attiny\/ppt\/com_Attiny3.pptx\">COM<\/a><br \/><a href=\"https:\/\/www.g-heinrichs.de\/attiny\/ppt\/IO-Register.ppt\">I\/O-Register<\/a><br \/><a href=\"https:\/\/www.g-heinrichs.de\/attiny\/ppt\/EEPROM_zuerst_BASCOM.ppt\">EEPROM<\/a><br \/><a href=\"https:\/\/www.g-heinrichs.de\/attiny\/ppt\/I2C.ppt\">I2C<\/a><br \/><a href=\"https:\/\/www.g-heinrichs.de\/attiny\/ppt\/Interrupt.ppt\">Interrupts<\/a><br \/><a href=\"https:\/\/www.g-heinrichs.de\/attiny\/ppt\/timer.ppt\">Timer\/Counter<\/a><br \/><a href=\"https:\/\/www.g-heinrichs.de\/attiny\/ppt\/BAS.pptx\">BAS-Signale<\/a><br \/><a href=\"https:\/\/www.g-heinrichs.de\/attiny\/ppt\/lcd.pptx\">LCD<\/a><br \/><a href=\"https:\/\/www.g-heinrichs.de\/attiny\/ppt\/rc5.ppt\">RC5<\/a><br \/><a href=\"https:\/\/www.g-heinrichs.de\/attiny\/ultraschall.ppt\">Ultraschall<\/a><\/p>\n<h3>Arbeitsbl\u00e4tter f\u00fcr Sch\u00fcler (Klasse 8 und 9)<\/h3>\n<p><a href=\"https:\/\/www.g-heinrichs.de\/attiny\/Anwendung_von_Variablen.pdf\">Anwendung von Variablen<\/a><br \/><a href=\"https:\/\/www.g-heinrichs.de\/attiny\/Arithmetik.pdf\">Arithmetik<\/a><br \/><a href=\"https:\/\/www.g-heinrichs.de\/attiny\/Binaerzahlen_und_Schleifen_mit_Abbruch_durch_Ta0.pdf\">Bin\u00e4rzahlen und Schleifen mit Abbruch durch Ta0<\/a><br \/><a href=\"https:\/\/www.g-heinrichs.de\/attiny\/Bits_und_Bytes.pdf\">Bits und Bytes<\/a><br \/><a href=\"https:\/\/www.g-heinrichs.de\/attiny\/eeprom1.pdf\">EEPROM<\/a><br \/><a href=\"https:\/\/www.g-heinrichs.de\/attiny\/Einfuehrung.pdf\">Einf\u00fchrung<\/a><br \/><a href=\"https:\/\/www.g-heinrichs.de\/attiny\/Erstes_Programmieren.pdf\">Erstes Programmieren<\/a><br \/><a href=\"https:\/\/www.g-heinrichs.de\/attiny\/Frequenzen.xlsx\">Frequenzen (EXCEL-Tabelle)<\/a><br \/><a href=\"https:\/\/www.g-heinrichs.de\/attiny\/int0_interrupts.pdf\">INT0-Interrupts<\/a><br \/><a href=\"https:\/\/www.g-heinrichs.de\/attiny\/Kurzzeitmessung.pdf\">Kurzzeitmessung<\/a><br \/><a href=\"https:\/\/www.g-heinrichs.de\/attiny\/Ordentlich_Programmieren2.pdf\">Ordentlich Programmieren<\/a><br \/><a href=\"https:\/\/www.g-heinrichs.de\/attiny\/Registermodell_und_Usart.pdf\">Registermodell und USART<\/a><br \/><a href=\"https:\/\/www.g-heinrichs.de\/attiny\/roulette.pdf\">Roulette (LCD)<\/a><br \/><a href=\"https:\/\/www.g-heinrichs.de\/attiny\/Schaltermodell_und_Vorwiderstaende.pdf\">Schaltermodell und Vorwiderst\u00e4nde<\/a><br \/><a href=\"https:\/\/www.g-heinrichs.de\/attiny\/Schleifen_und_Zaehler.pdf\">Schleifen und Z\u00e4hler<\/a><br \/><a href=\"https:\/\/www.g-heinrichs.de\/attiny\/Servo1.pdf\">Servos I<\/a><br \/><a href=\"https:\/\/www.g-heinrichs.de\/attiny\/Servo2.pdf\">Servos II<\/a><br \/><a href=\"https:\/\/www.g-heinrichs.de\/attiny\/Simulation.pdf\">Simulation<\/a><br \/><a href=\"https:\/\/www.g-heinrichs.de\/attiny\/sound1.pdf\">Sound I<\/a><br \/><a href=\"https:\/\/www.g-heinrichs.de\/attiny\/sound2a_Unterprogramme.pdf\">Sound II &#8211; Unterprogramme<\/a><br \/><a href=\"https:\/\/www.g-heinrichs.de\/attiny\/Tonleiter2.pdf\">Tonleiter<\/a><br \/><a href=\"https:\/\/www.g-heinrichs.de\/attiny\/Variablen.pdf\">Variablen<\/a><br \/><a href=\"https:\/\/www.g-heinrichs.de\/attiny\/Zeichenketten.pdf\">Zeichenketten<\/a><br \/><a href=\"https:\/\/www.g-heinrichs.de\/attiny\/ZeichenkettenFunktionen.pdf\">Zeichenkettenfunktionen<\/a><br \/><a href=\"https:\/\/www.g-heinrichs.de\/attiny\/Zufallszahlen.pdf\">Zufallszahlen<\/a><\/p>\n<h3>Aufgaben f\u00fcr Lehrerfortbildung<\/h3>\n<p><a href=\"https:\/\/www.g-heinrichs.de\/attiny\/Aufgaben_zur_AttinyPlatine_komplett_1.pdf\">Erste Aufgaben zur Attiny-Platine (Port als Ausgang und Eingang)<\/a><br \/><a href=\"https:\/\/www.g-heinrichs.de\/attiny\/Aufgaben2_10.pdf\">Programmierung der seriellen Schnittstelle und strukturiertes Programmieren mit BASCOM<\/a><br \/><a href=\"https:\/\/www.g-heinrichs.de\/attiny\/Aufgaben3.pdf\">Arbeiten mit EEPROM und I2C<\/a><br \/><a href=\"https:\/\/www.g-heinrichs.de\/attiny\/Aufgaben4.pdf\">Timer\/Counter0 und Komperator: Von Pulsweitenmodulation bis Spannungsmessung<\/a><br \/><a href=\"https:\/\/www.g-heinrichs.de\/attiny\/Aufgaben5.pdf\">LCD und RC5<\/a><\/p>\n<h3>Quelltexte<\/h3>\n<p><a href=\"https:\/\/www.g-heinrichs.de\/attiny\/Attiny_Source.zip\">Sourcecode von Beispielen (auch Testprogramm f\u00fcr Attiny-Platine)<\/a><\/p>\n<h3>Sonstiges<\/h3>\n<p><a href=\"https:\/\/www.g-heinrichs.de\/attiny\/Videosignale.wmv\">Videosignale mit dem Attiny (Video)<\/a><br \/><a href=\"https:\/\/www.g-heinrichs.de\/attiny\/microblue.apk\">Testversion MicroBlue<\/a> (Android-App f\u00fcr Bluetooth-Verbindung zwischen Android-Handy und Attiny-Platine)<\/p>\n\n\n<p><\/p>\n","protected":false},"excerpt":{"rendered":"<p>Attiny-Projekt: Downloads Software zum Entwickeln und Uploaden\/Brennen Hinweis: Mit dem neuen Uploader 2.0.1 und dem zugeh\u00f6rigen Einrichtungsassistenten (s. Tools) k\u00f6nnen die folgenden Links nicht nur f\u00fcr den Attiny2313, sondern auch f\u00fcr den Attiny4313 benutzt werden (vgl. auch die entsprechenden Eintr\u00e4ge in meinem Forum). Ersetzen Sie dazu den Attiny2313 auf der Attiny-Platine einfach durch einen Attiny4313. <span class=\"ellipsis\">&hellip;<\/span> <span class=\"more-link-wrap\"><a href=\"https:\/\/www.g-heinrichs.de\/wordpress\/index.php\/attiny\/downloads\/\" class=\"more-link\"><span>Read More &rarr;<\/span><\/a><\/span><\/p>\n","protected":false},"author":1,"featured_media":0,"parent":110,"menu_order":0,"comment_status":"closed","ping_status":"closed","template":"","meta":{"footnotes":""},"_links":{"self":[{"href":"https:\/\/www.g-heinrichs.de\/wordpress\/index.php\/wp-json\/wp\/v2\/pages\/287"}],"collection":[{"href":"https:\/\/www.g-heinrichs.de\/wordpress\/index.php\/wp-json\/wp\/v2\/pages"}],"about":[{"href":"https:\/\/www.g-heinrichs.de\/wordpress\/index.php\/wp-json\/wp\/v2\/types\/page"}],"author":[{"embeddable":true,"href":"https:\/\/www.g-heinrichs.de\/wordpress\/index.php\/wp-json\/wp\/v2\/users\/1"}],"replies":[{"embeddable":true,"href":"https:\/\/www.g-heinrichs.de\/wordpress\/index.php\/wp-json\/wp\/v2\/comments?post=287"}],"version-history":[{"count":41,"href":"https:\/\/www.g-heinrichs.de\/wordpress\/index.php\/wp-json\/wp\/v2\/pages\/287\/revisions"}],"predecessor-version":[{"id":1678,"href":"https:\/\/www.g-heinrichs.de\/wordpress\/index.php\/wp-json\/wp\/v2\/pages\/287\/revisions\/1678"}],"up":[{"embeddable":true,"href":"https:\/\/www.g-heinrichs.de\/wordpress\/index.php\/wp-json\/wp\/v2\/pages\/110"}],"wp:attachment":[{"href":"https:\/\/www.g-heinrichs.de\/wordpress\/index.php\/wp-json\/wp\/v2\/media?parent=287"}],"curies":[{"name":"wp","href":"https:\/\/api.w.org\/{rel}","templated":true}]}}