{"id":318,"date":"2016-07-07T10:04:52","date_gmt":"2016-07-07T08:04:52","guid":{"rendered":"http:\/\/www.g-heinrichs.de\/wordpress\/?page_id=318"},"modified":"2026-04-14T17:24:51","modified_gmt":"2026-04-14T15:24:51","slug":"software-physik","status":"publish","type":"page","link":"https:\/\/www.g-heinrichs.de\/wordpress\/index.php\/physik\/software-physik\/","title":{"rendered":"Software (Physik)"},"content":{"rendered":"<h2><strong>Software<\/strong><\/h2>\n<p><strong>EasySim<\/strong><\/p>\n<p><img loading=\"lazy\" decoding=\"async\" class=\"size-medium wp-image-166 alignnone\" src=\"https:\/\/www.g-heinrichs.de\/wordpress\/wp-content\/uploads\/2016\/07\/esim-k-300x225.gif\" alt=\"esim-k\" width=\"300\" height=\"225\" \/><br \/><em>Systemvoraussetzungen: Windows 95 oder h\u00f6her<\/em><\/p>\n<p><strong>EasySim<\/strong> ist ein einfaches und schnelles Simulationsprogramm. Die Modelle werden in Form von Gleichungen eingegeben. Die Ergebnisse k\u00f6nnen zahlenm\u00e4\u00dfig in Tabellen oder graphisch dargestellt werden. Das Programm eignet sich besonders zur Einf\u00fchrung, weil es auch die M\u00f6glichkeit bietet, die Berechnungszyklen einzeln durchzuf\u00fchren; so k\u00f6nnen eigene Rechnungen Schritt f\u00fcr Schritt kontrolliert werden. Zahlreiche Modelle aus den verschiedensten Gebieten der Physik (Mechanik, Astrophysik, Chaos, Ein- und Ausschaltvorg\u00e4nge &#8230; ) sowie der Mathematik liegen vor.<\/p>\n<p><a href=\"https:\/\/www.schule-bw.de\/faecher-und-schularten\/mathematisch-naturwissenschaftliche-faecher\/physik\/unterrichtsmaterialien\/e_lehre_2\/selbstinduktion\/ind_mit_easysim.htm\">Hier<\/a> wird EasySim auf dem Landesbildungsserver von Baden-W\u00fcrttemberg vorgestellt.<\/p>\n<p><a href=\"https:\/\/www.g-heinrichs.de\/software\/easysim.zip\">download<\/a><\/p>\n<hr \/>\n<p><strong>EasyVid<\/strong><\/p>\n<p><em><img loading=\"lazy\" decoding=\"async\" class=\"alignnone size-medium wp-image-171\" src=\"https:\/\/www.g-heinrichs.de\/wordpress\/wp-content\/uploads\/2016\/07\/easysim-k-300x225.gif\" alt=\"easysim-k\" width=\"300\" height=\"225\" \/><\/em><\/p>\n<p><em>Systemvoraussetzungen: Windows 95 oder h\u00f6her<\/em><\/p>\n<p><strong>Easyvid<\/strong> ist ein Programm zur digitalen Videoanalyse. Im Funktionsumfang reicht es zwar nicht ganz an vergleichbare kommerzielle Produkte heran; daf\u00fcr ist es aber sehr leicht zu bedienen und kostet nichts &#8211; also genau das Richtige f\u00fcr Einsteiger. <strong>Easyvid besitzt eine Schnittstelle zu Easysim<\/strong>; dadurch k\u00f6nnen auch komplexere physikalische Situationen (z. B. der Fall einer Kugel in \u00d6l) quantitativ untersucht werden.<\/p>\n<p><a href=\"https:\/\/www.g-heinrichs.de\/software\/easyvid-demo.zip\">download<\/a><\/p>\n<hr \/>\n<p><strong>Fourier<\/strong><\/p>\n<p><img loading=\"lazy\" decoding=\"async\" class=\"alignnone size-medium wp-image-173\" src=\"https:\/\/www.g-heinrichs.de\/wordpress\/wp-content\/uploads\/2016\/07\/four-k-300x245.gif\" alt=\"four-k\" width=\"300\" height=\"245\" \/><br \/><em>Systemvoraussetzungen: Windows 95 oder h\u00f6her<\/em><\/p>\n<p>Mit dem Programm <strong>Fourier<\/strong> k\u00f6nnen Sie T\u00f6ne mit verschiedenen Klangfarben synthetisieren; dabei wird das zugeh\u00f6rige Schwingungsbild immer gleichzeitig mit angezeigt. Die Einstellung erfolgt \u00fcber Schieberegler, \u00fcber die sich die Amplituden der Obert\u00f6ne einstellen lassen. Der erzeugte Ton kann schlie\u00dflich \u00fcber die Soundkarte wiedergegeben werden.<\/p>\n<p><a href=\"https:\/\/www.g-heinrichs.de\/software\/fourier.zip\">download<\/a><\/p>\n<hr \/>\n<p><strong>Welle<\/strong><\/p>\n<p><img loading=\"lazy\" decoding=\"async\" class=\"alignnone size-medium wp-image-175\" src=\"https:\/\/www.g-heinrichs.de\/wordpress\/wp-content\/uploads\/2016\/07\/welle-300x225.gif\" alt=\"welle\" width=\"300\" height=\"225\" \/><br \/><em>Systemvoraussetzungen: Windows 95 oder h\u00f6her<\/em><\/p>\n<p>Mit dem Programm <strong>Welle<\/strong> k\u00f6nnen Sie fortschreitende und stehende Wellen studieren. Insbesondere k\u00f6nnen die Phasen einzelner Schwinger als rotierende Zeiger in separaten Fenstern angezeigt und verglichen werden.<\/p>\n<p><a href=\"https:\/\/www.g-heinrichs.de\/software\/welle.zip\">download<\/a><\/p>\n<hr \/>\n<p><strong>HLM <\/strong><br \/><img loading=\"lazy\" decoding=\"async\" class=\"alignnone size-medium wp-image-174\" src=\"http:\/\/www.g-heinrichs.de\/wordpress\/wp-content\/uploads\/2016\/07\/hlm_sim-300x187.jpg\" alt=\"hlm_sim\" width=\"300\" height=\"187\" srcset=\"https:\/\/www.g-heinrichs.de\/wordpress\/wp-content\/uploads\/2016\/07\/hlm_sim-300x187.jpg 300w, https:\/\/www.g-heinrichs.de\/wordpress\/wp-content\/uploads\/2016\/07\/hlm_sim.jpg 522w\" sizes=\"(max-width: 300px) 100vw, 300px\" \/><\/p>\n<p><em>Systemvoraussetzungen: Windows 95 oder h\u00f6her<\/em><\/p>\n<p>Mit dem Programm <strong>HLM<\/strong> wird eine <strong>Hei\u00dfluftmaschine<\/strong> simuliert. Synchron zur Bewegung von Arbeitskolben und Verdr\u00e4ngerkolben wird ein <em>V-p<\/em>-Diagramm erzeugt.<\/p>\n<p><a href=\"https:\/\/www.g-heinrichs.de\/software\/hlm.zip\">download<\/a><\/p>\n<hr \/>\n<p><strong>Sunset (programmiert von Christoph Adler)<\/strong><\/p>\n<div id=\"attachment_1618\" style=\"width: 462px\" class=\"wp-caption aligncenter\"><img loading=\"lazy\" decoding=\"async\" aria-describedby=\"caption-attachment-1618\" class=\"size-full wp-image-1618\" src=\"https:\/\/www.g-heinrichs.de\/wordpress\/wp-content\/uploads\/2023\/01\/sunset_screenshot_2.jpg\" alt=\"\" width=\"452\" height=\"369\" srcset=\"https:\/\/www.g-heinrichs.de\/wordpress\/wp-content\/uploads\/2023\/01\/sunset_screenshot_2.jpg 452w, https:\/\/www.g-heinrichs.de\/wordpress\/wp-content\/uploads\/2023\/01\/sunset_screenshot_2-300x245.jpg 300w\" sizes=\"(max-width: 452px) 100vw, 452px\" \/><p id=\"caption-attachment-1618\" class=\"wp-caption-text\">Das Programm Sunset<\/p><\/div>\n<p><em>Systemvoraussetzungen: Windows 95 oder h\u00f6her<\/em><\/p>\n<p>Mit Hilfe des Programms <strong>SUNSET<\/strong> kann man den Schattenwurf (an einer Pyramide)<\/p>\n<ul>\n<li>an jedem beliebigen Punkt der Erde,<\/li>\n<li>f\u00fcr jeden Tag des Jahres<\/li>\n<li>und jede Tageszeit<\/li>\n<\/ul>\n<p>interaktiv studieren. Die Bedienung ist selbsterkl\u00e4rend.<\/p>\n<p><a href=\"https:\/\/www.g-heinrichs.de\/software\/SUNSET.zip\">download<\/a><\/p>\n<hr \/>\n\n\n<p class=\"has-black-color has-text-color has-link-color wp-elements-9ac00cf961d1ea846fe5a532228b76c6\"><\/p>\n\n\n<p><strong><span style=\"color: #ff0000;\">Neu:<\/span> kfaktor1 und kfaktor 2<\/strong><\/p>\n<\/p>\n\n\n<figure class=\"wp-block-image size-large is-resized\"><img loading=\"lazy\" decoding=\"async\" width=\"1024\" height=\"777\" src=\"https:\/\/www.g-heinrichs.de\/wordpress\/wp-content\/uploads\/2026\/04\/bild_kfaktor2-1024x777.jpg\" alt=\"\" class=\"wp-image-2158\" style=\"width:561px;height:auto\" srcset=\"https:\/\/www.g-heinrichs.de\/wordpress\/wp-content\/uploads\/2026\/04\/bild_kfaktor2-1024x777.jpg 1024w, https:\/\/www.g-heinrichs.de\/wordpress\/wp-content\/uploads\/2026\/04\/bild_kfaktor2-300x228.jpg 300w, https:\/\/www.g-heinrichs.de\/wordpress\/wp-content\/uploads\/2026\/04\/bild_kfaktor2-768x582.jpg 768w, https:\/\/www.g-heinrichs.de\/wordpress\/wp-content\/uploads\/2026\/04\/bild_kfaktor2.jpg 1221w\" sizes=\"(max-width: 1024px) 100vw, 1024px\" \/><\/figure>\n\n\n\n<p><em>Systemvoraussetzungen: Windows 10 oder h\u00f6her<\/em><\/p>\n\n\n\n<p>Der <strong>k-Faktor-Kalk\u00fcl<\/strong> ist eine anschauliche und \u00fcbersichtliche Methode zur Behandlung der Speziellen Relativit\u00e4tstheorie. Sie stammt von H. Bondi. Die Programme <strong>kfaktor1<\/strong> und <strong>kfaktor2<\/strong> visualisieren diese Methode und liefern zus\u00e4tzlich auch quantitative Ergebnisse; die beiden Programme sind nahezu identisch; bei kfaktor2 sind lediglich die vertikale und die horizontale Achse gegen\u00fcber kfaktor1 vertauscht.<\/p>\n\n\n\n<p><strong>Ein Beispiel:<\/strong><\/p>\n\n\n\n<p>Einstein befindet sich an der Position x = 0 und bleibt dort stehen. Zweistein bewegt sich l\u00e4ngs der x-Achse mit der Geschwindigkeit 0,8 c (c = Lichtgeschwindigkeit). Im Augenblick des Vorbeiflugs stellen beide ihre Uhr auf 0. Genau t1 = 2 s sp\u00e4ter (gemessen mit Einsteins Uhr) sendet Einstein einen Lichtblitz hinter Zweistein her; dieser Lichtblitz wird reflektiert.<\/p>\n\n\n\n<p>Nach der Information des Programms kfaktor2 (s. o.) empf\u00e4ngt Zweistein diesen Lichtblitz nach 6 s (gemessen mit seiner Uhr). Wie das Programm zu diesem Wert gelangt, kann man <strong><a href=\"https:\/\/www.g-heinrichs.de\/wordpress\/wp-content\/uploads\/2026\/04\/kfaktor.pdf\" data-type=\"attachment\" data-id=\"2164\">hier<\/a><\/strong> nachlesen.<\/p>\n\n\n\n<p>F\u00fcr Einstein findet dieser Empfang nach t1 = (18 s &#8211; 2 s)\/2 = 8 s statt. Einstein und Zweistein erhalten f\u00fcr die Dauer zwischen Senden und Empfangen also unterschiedliche Messwerte: Die Zeitspanne zwischen zwei Ereignissen (hier: Vorbeiflug und Reflexion) h\u00e4ngt vom Bezugssystem ab!<\/p>\n\n\n\n<p><\/p>\n\n\n\n<p><strong>Download<\/strong>: <a href=\"https:\/\/www.g-heinrichs.de\/wordpress\/wp-content\/uploads\/2026\/04\/kfaktor_prog.zip\" data-type=\"attachment\" data-id=\"2171\">kfaktor-Programme<\/a><\/p>\n\n\n\n<p><strong>Links: <\/strong><\/p>\n\n\n\n<p><a href=\"https:\/\/de.wikipedia.org\/wiki\/Bondis_k-Kalk%C3%BCl\">https:\/\/de.wikipedia.org\/wiki\/Bondis_k-Kalk%C3%BCl<\/a><\/p>\n\n\n\n<p><a href=\"https:\/\/ia801502.us.archive.org\/15\/items\/in.ernet.dli.2015.62059\/2015.62059.Relativity-And-Common-Sense.pdf\">Bondis popul\u00e4rwissenschaftliches Buch <strong>Relativity and Common Sense<\/strong><\/a> (Deutscher Titel: <strong>Einsteins Einmaleins &#8211; Einf\u00fchrung in die Relativit\u00e4tstheorie<\/strong>; gebraucht noch f\u00fcr wenige Euros erh\u00e4ltlich)<\/p>\n\n\n\n<p><a href=\"https:\/\/www.g-heinrichs.de\/wordpress\/index.php\/ueber-mich\/publikationen\/\">Einstein und die Schwarzen L\u00f6cher<\/a><\/p>\n\n\n\n<p><\/p>\n","protected":false},"excerpt":{"rendered":"<p>Software EasySim Systemvoraussetzungen: Windows 95 oder h\u00f6her EasySim ist ein einfaches und schnelles Simulationsprogramm. Die Modelle werden in Form von Gleichungen eingegeben. Die Ergebnisse k\u00f6nnen zahlenm\u00e4\u00dfig in Tabellen oder graphisch dargestellt werden. Das Programm eignet sich besonders zur Einf\u00fchrung, weil es auch die M\u00f6glichkeit bietet, die Berechnungszyklen einzeln durchzuf\u00fchren; so k\u00f6nnen eigene Rechnungen Schritt f\u00fcr <span class=\"ellipsis\">&hellip;<\/span> <span class=\"more-link-wrap\"><a href=\"https:\/\/www.g-heinrichs.de\/wordpress\/index.php\/physik\/software-physik\/\" class=\"more-link\"><span>Read More &rarr;<\/span><\/a><\/span><\/p>\n","protected":false},"author":1,"featured_media":0,"parent":327,"menu_order":0,"comment_status":"closed","ping_status":"closed","template":"","meta":{"footnotes":""},"_links":{"self":[{"href":"https:\/\/www.g-heinrichs.de\/wordpress\/index.php\/wp-json\/wp\/v2\/pages\/318"}],"collection":[{"href":"https:\/\/www.g-heinrichs.de\/wordpress\/index.php\/wp-json\/wp\/v2\/pages"}],"about":[{"href":"https:\/\/www.g-heinrichs.de\/wordpress\/index.php\/wp-json\/wp\/v2\/types\/page"}],"author":[{"embeddable":true,"href":"https:\/\/www.g-heinrichs.de\/wordpress\/index.php\/wp-json\/wp\/v2\/users\/1"}],"replies":[{"embeddable":true,"href":"https:\/\/www.g-heinrichs.de\/wordpress\/index.php\/wp-json\/wp\/v2\/comments?post=318"}],"version-history":[{"count":30,"href":"https:\/\/www.g-heinrichs.de\/wordpress\/index.php\/wp-json\/wp\/v2\/pages\/318\/revisions"}],"predecessor-version":[{"id":2197,"href":"https:\/\/www.g-heinrichs.de\/wordpress\/index.php\/wp-json\/wp\/v2\/pages\/318\/revisions\/2197"}],"up":[{"embeddable":true,"href":"https:\/\/www.g-heinrichs.de\/wordpress\/index.php\/wp-json\/wp\/v2\/pages\/327"}],"wp:attachment":[{"href":"https:\/\/www.g-heinrichs.de\/wordpress\/index.php\/wp-json\/wp\/v2\/media?parent=318"}],"curies":[{"name":"wp","href":"https:\/\/api.w.org\/{rel}","templated":true}]}}