{"id":5,"date":"2016-06-30T17:12:11","date_gmt":"2016-06-30T15:12:11","guid":{"rendered":"http:\/\/www.g-heinrichs.de\/wordpress\/?page_id=5"},"modified":"2023-01-11T16:22:41","modified_gmt":"2023-01-11T15:22:41","slug":"ueber-mich","status":"publish","type":"page","link":"https:\/\/www.g-heinrichs.de\/wordpress\/index.php\/ueber-mich\/","title":{"rendered":"\u00dcber mich"},"content":{"rendered":"<p>Geboren in Kempen<br \/>\nAbitur am <a href=\"https:\/\/www.thomaeum.de\/\">Gymnasium Thomaeum<\/a> in Kempen<br \/>\nStudium der Mathematik und Physik in Bonn, 1. Staatsexamen<br \/>\nAbleisten der Wehrpflicht in Porz bei K\u00f6ln<br \/>\nDiplom in Mathematik<br \/>\nReferendar am Studienseminar in Krefeld, 2. Staatsexamen<br \/>\nLehrer am <a href=\"https:\/\/www.fmg-mg.de\/\">Franz-Meyers-Gymnasium<\/a> in M\u00f6nchengladbach<br \/>\nFachmoderator f\u00fcr Informatik (SI) bei der Bezirksregierung D\u00fcsseldorf<br \/>\nFachmoderator f\u00fcr Strahlenschutz bei der Bezirksregierung D\u00fcsseldorf<br \/>\nFachmoderator f\u00fcr Physik beim KT M\u00f6nchengladbach<br \/>\n<a href=\"https:\/\/www.g-heinrichs.de\/wordpress\/index.php\/ueber-mich\/publikationen\/\">Publikationen<\/a> zu verschiedenen Themen der Physik und Informatik<br \/>\nPensionierung<\/p>\n<p>Verheiratet, drei Kinder<\/p>\n<p>Interessen: Kammermusik, Lesen, Computer, alte Sprachen, Reisen, Ausfl\u00fcge mit dem Fahrrad<\/p>\n","protected":false},"excerpt":{"rendered":"<p>Geboren in Kempen Abitur am Gymnasium Thomaeum in Kempen Studium der Mathematik und Physik in Bonn, 1. Staatsexamen Ableisten der Wehrpflicht in Porz bei K\u00f6ln Diplom in Mathematik Referendar am Studienseminar in Krefeld, 2. Staatsexamen Lehrer am Franz-Meyers-Gymnasium in M\u00f6nchengladbach Fachmoderator f\u00fcr Informatik (SI) bei der Bezirksregierung D\u00fcsseldorf Fachmoderator f\u00fcr Strahlenschutz bei der Bezirksregierung D\u00fcsseldorf <span class=\"ellipsis\">&hellip;<\/span> <span class=\"more-link-wrap\"><a href=\"https:\/\/www.g-heinrichs.de\/wordpress\/index.php\/ueber-mich\/\" class=\"more-link\"><span>Read More &rarr;<\/span><\/a><\/span><\/p>\n","protected":false},"author":1,"featured_media":0,"parent":0,"menu_order":0,"comment_status":"closed","ping_status":"closed","template":"","meta":{"footnotes":""},"_links":{"self":[{"href":"https:\/\/www.g-heinrichs.de\/wordpress\/index.php\/wp-json\/wp\/v2\/pages\/5"}],"collection":[{"href":"https:\/\/www.g-heinrichs.de\/wordpress\/index.php\/wp-json\/wp\/v2\/pages"}],"about":[{"href":"https:\/\/www.g-heinrichs.de\/wordpress\/index.php\/wp-json\/wp\/v2\/types\/page"}],"author":[{"embeddable":true,"href":"https:\/\/www.g-heinrichs.de\/wordpress\/index.php\/wp-json\/wp\/v2\/users\/1"}],"replies":[{"embeddable":true,"href":"https:\/\/www.g-heinrichs.de\/wordpress\/index.php\/wp-json\/wp\/v2\/comments?post=5"}],"version-history":[{"count":8,"href":"https:\/\/www.g-heinrichs.de\/wordpress\/index.php\/wp-json\/wp\/v2\/pages\/5\/revisions"}],"predecessor-version":[{"id":1648,"href":"https:\/\/www.g-heinrichs.de\/wordpress\/index.php\/wp-json\/wp\/v2\/pages\/5\/revisions\/1648"}],"wp:attachment":[{"href":"https:\/\/www.g-heinrichs.de\/wordpress\/index.php\/wp-json\/wp\/v2\/media?parent=5"}],"curies":[{"name":"wp","href":"https:\/\/api.w.org\/{rel}","templated":true}]}}