{"id":55,"date":"2016-07-01T15:26:16","date_gmt":"2016-07-01T13:26:16","guid":{"rendered":"http:\/\/www.g-heinrichs.de\/wordpress\/?page_id=55"},"modified":"2023-01-11T16:25:40","modified_gmt":"2023-01-11T15:25:40","slug":"alte-sprachen","status":"publish","type":"page","link":"https:\/\/www.g-heinrichs.de\/wordpress\/index.php\/alte-sprachen\/","title":{"rendered":"Alte Sprachen"},"content":{"rendered":"<p>Hier geht es um Sprachen, die vor Tausenden von Jahren in\u00a0Anatolien, Mesopotamien und \u00c4gypten gesprochen wurden. Dort hatten sich insbesondere in der Mitte des 2. Jahrtausends vor Christus drei m\u00e4chtige Gro\u00dfreiche etabliert: das Assyrische Reich, das Hethiterreich und\u00a0\u00c4gypten.<\/p>\n<div id=\"attachment_463\" style=\"width: 710px\" class=\"wp-caption alignnone\"><img loading=\"lazy\" decoding=\"async\" aria-describedby=\"caption-attachment-463\" class=\"size-full wp-image-463\" src=\"http:\/\/www.g-heinrichs.de\/wordpress\/wp-content\/uploads\/2016\/08\/1122px-AlterOrient2-e1470143931894.png\" alt=\"Quelle: Captain Blood,MichaelFrey - http:\/\/gmt.soest.hawaii.edu\/\" width=\"700\" height=\"561\" \/><p id=\"caption-attachment-463\" class=\"wp-caption-text\">Quelle: Captain Blood,MichaelFrey &#8211; http:\/\/gmt.soest.hawaii.edu\/<\/p><\/div>\n<p>Hier erfahren Sie mehr \u00fcber die Sprachen, die dort benutzt worden sind:<\/p>\n<ul>\n<li><a href=\"https:\/\/www.g-heinrichs.de\/wordpress\/index.php\/alte-sprachen\/hethitisch\/\">Hethitisch<\/a><\/li>\n<li><a href=\"https:\/\/www.g-heinrichs.de\/wordpress\/index.php\/alte-sprachen\/babylonisch\/\">Babylonisch<\/a><\/li>\n<li><a href=\"https:\/\/www.g-heinrichs.de\/wordpress\/index.php\/alte-sprachen\/mittelaegyptisch\/\">Mittel\u00e4gyptisch<\/a><\/li>\n<\/ul>\n","protected":false},"excerpt":{"rendered":"<p>Hier geht es um Sprachen, die vor Tausenden von Jahren in\u00a0Anatolien, Mesopotamien und \u00c4gypten gesprochen wurden. Dort hatten sich insbesondere in der Mitte des 2. Jahrtausends vor Christus drei m\u00e4chtige Gro\u00dfreiche etabliert: das Assyrische Reich, das Hethiterreich und\u00a0\u00c4gypten. Hier erfahren Sie mehr \u00fcber die Sprachen, die dort benutzt worden sind: Hethitisch Babylonisch Mittel\u00e4gyptisch<\/p>\n","protected":false},"author":1,"featured_media":0,"parent":0,"menu_order":0,"comment_status":"closed","ping_status":"closed","template":"","meta":{"footnotes":""},"_links":{"self":[{"href":"https:\/\/www.g-heinrichs.de\/wordpress\/index.php\/wp-json\/wp\/v2\/pages\/55"}],"collection":[{"href":"https:\/\/www.g-heinrichs.de\/wordpress\/index.php\/wp-json\/wp\/v2\/pages"}],"about":[{"href":"https:\/\/www.g-heinrichs.de\/wordpress\/index.php\/wp-json\/wp\/v2\/types\/page"}],"author":[{"embeddable":true,"href":"https:\/\/www.g-heinrichs.de\/wordpress\/index.php\/wp-json\/wp\/v2\/users\/1"}],"replies":[{"embeddable":true,"href":"https:\/\/www.g-heinrichs.de\/wordpress\/index.php\/wp-json\/wp\/v2\/comments?post=55"}],"version-history":[{"count":9,"href":"https:\/\/www.g-heinrichs.de\/wordpress\/index.php\/wp-json\/wp\/v2\/pages\/55\/revisions"}],"predecessor-version":[{"id":1651,"href":"https:\/\/www.g-heinrichs.de\/wordpress\/index.php\/wp-json\/wp\/v2\/pages\/55\/revisions\/1651"}],"wp:attachment":[{"href":"https:\/\/www.g-heinrichs.de\/wordpress\/index.php\/wp-json\/wp\/v2\/media?parent=55"}],"curies":[{"name":"wp","href":"https:\/\/api.w.org\/{rel}","templated":true}]}}