{"id":697,"date":"2018-06-28T11:11:22","date_gmt":"2018-06-28T09:11:22","guid":{"rendered":"http:\/\/www.g-heinrichs.de\/wordpress\/?page_id=697"},"modified":"2022-01-07T11:42:49","modified_gmt":"2022-01-07T10:42:49","slug":"da-staunt-der-fachmann","status":"publish","type":"page","link":"https:\/\/www.g-heinrichs.de\/wordpress\/index.php\/physik\/fortbildungsveranstaltungen\/da-staunt-der-fachmann\/","title":{"rendered":"Da staunt der Fachmann&#8230;"},"content":{"rendered":"<h3><strong>Materialien<\/strong><\/h3>\n<ul>\n<li><a href=\"https:\/\/www.g-heinrichs.de\/wordpress\/wp-content\/uploads\/2018\/06\/Kugelschwebe.zip\">Kugelschwebe<\/a><\/li>\n<li><a href=\"http:\/\/www.g-heinrichs.de\/wordpress\/wp-content\/uploads\/2018\/06\/Lorentzkraft_RT.pdf\">Lorentzkraft auf ein geladenes Teilchen<\/a><\/li>\n<li><a href=\"https:\/\/www.g-heinrichs.de\/wordpress\/wp-content\/uploads\/2018\/06\/\u00dcberlagerung_von_Bewegungen.zip\">Prinzip der unabh\u00e4ngigen \u00dcberlagerung von Bewegungen<\/a><\/li>\n<li><a href=\"http:\/\/www.g-heinrichs.de\/wordpress\/wp-content\/uploads\/2018\/06\/Bewegungsenergie.pdf\">Bewegungsenergie<\/a><\/li>\n<li><a href=\"http:\/\/www.g-heinrichs.de\/wordpress\/wp-content\/uploads\/2018\/06\/Elektronenablenkr\u00f6hre.pdf\">Elektronenablenkr\u00f6hre<\/a><\/li>\n<li><a href=\"http:\/\/www.g-heinrichs.de\/wordpress\/wp-content\/uploads\/2018\/06\/Wunderschaltung.pdf\">Wunderschaltung<\/a><\/li>\n<\/ul>\n<div style=\"width: 426px;\" class=\"wp-video\"><!--[if lt IE 9]><script>document.createElement('video');<\/script><![endif]-->\n<video class=\"wp-video-shortcode\" id=\"video-697-1\" width=\"426\" height=\"240\" preload=\"metadata\" controls=\"controls\"><source type=\"video\/mp4\" src=\"http:\/\/www.g-heinrichs.de\/wordpress\/wp-content\/uploads\/2018\/06\/wunderschaltung2.mp4?_=1\" \/><a href=\"http:\/\/www.g-heinrichs.de\/wordpress\/wp-content\/uploads\/2018\/06\/wunderschaltung2.mp4\">http:\/\/www.g-heinrichs.de\/wordpress\/wp-content\/uploads\/2018\/06\/wunderschaltung2.mp4<\/a><\/video><\/div>\n","protected":false},"excerpt":{"rendered":"<p>Materialien Kugelschwebe Lorentzkraft auf ein geladenes Teilchen Prinzip der unabh\u00e4ngigen \u00dcberlagerung von Bewegungen Bewegungsenergie Elektronenablenkr\u00f6hre Wunderschaltung<\/p>\n","protected":false},"author":1,"featured_media":0,"parent":95,"menu_order":0,"comment_status":"closed","ping_status":"closed","template":"","meta":{"footnotes":""},"_links":{"self":[{"href":"https:\/\/www.g-heinrichs.de\/wordpress\/index.php\/wp-json\/wp\/v2\/pages\/697"}],"collection":[{"href":"https:\/\/www.g-heinrichs.de\/wordpress\/index.php\/wp-json\/wp\/v2\/pages"}],"about":[{"href":"https:\/\/www.g-heinrichs.de\/wordpress\/index.php\/wp-json\/wp\/v2\/types\/page"}],"author":[{"embeddable":true,"href":"https:\/\/www.g-heinrichs.de\/wordpress\/index.php\/wp-json\/wp\/v2\/users\/1"}],"replies":[{"embeddable":true,"href":"https:\/\/www.g-heinrichs.de\/wordpress\/index.php\/wp-json\/wp\/v2\/comments?post=697"}],"version-history":[{"count":7,"href":"https:\/\/www.g-heinrichs.de\/wordpress\/index.php\/wp-json\/wp\/v2\/pages\/697\/revisions"}],"predecessor-version":[{"id":1469,"href":"https:\/\/www.g-heinrichs.de\/wordpress\/index.php\/wp-json\/wp\/v2\/pages\/697\/revisions\/1469"}],"up":[{"embeddable":true,"href":"https:\/\/www.g-heinrichs.de\/wordpress\/index.php\/wp-json\/wp\/v2\/pages\/95"}],"wp:attachment":[{"href":"https:\/\/www.g-heinrichs.de\/wordpress\/index.php\/wp-json\/wp\/v2\/media?parent=697"}],"curies":[{"name":"wp","href":"https:\/\/api.w.org\/{rel}","templated":true}]}}