{"id":766,"date":"2018-10-11T11:03:45","date_gmt":"2018-10-11T09:03:45","guid":{"rendered":"http:\/\/www.g-heinrichs.de\/wordpress\/?page_id=766"},"modified":"2023-03-10T18:58:15","modified_gmt":"2023-03-10T17:58:15","slug":"module","status":"publish","type":"page","link":"https:\/\/www.g-heinrichs.de\/wordpress\/index.php\/attiny\/module\/","title":{"rendered":"Sensoren und mehr&#8230;"},"content":{"rendered":"<p>F\u00fcr unsere Attiny-Platine, das Nano-Board und andere Mikrocontroller-Boards gibt es zahlreiche Module mit Sensoren, Aktoren, \u2026 f\u00fcr die unterschiedlichsten Anwendungen, vom Funk-Modul \u00fcber Entfernungsmesser bis zur 8-ziffrigen Siebensegmentanzeige. Die folgenden Beitr\u00e4ge stellen solche Module vor. Zwei Aspekte stehen dabei gleichrangig im Vordergrund:<\/p>\n<ul>\n<li>Grundlagen der Funktionsweise<\/li>\n<li>Praktischer Umgang und Programmierung<\/li>\n<\/ul>\n<p><img loading=\"lazy\" decoding=\"async\" class=\"size-full wp-image-785\" src=\"http:\/\/www.g-heinrichs.de\/wordpress\/wp-content\/uploads\/2018\/10\/module-e1539263114732.jpg\" alt=\"\" width=\"500\" height=\"166\" \/><\/p>\n<p><em>Ultraschallsensor, Funkuhrmodul, Funkmodul<\/em><\/p>\n\n<table id=\"tablepress-3\" class=\"tablepress tablepress-id-3\">\n<thead>\n<tr class=\"row-1 odd\">\n\t<th class=\"column-1\">Titel<\/th><th class=\"column-2\">Stichworte<\/th><th class=\"column-3\">Download<\/th>\n<\/tr>\n<\/thead>\n<tbody class=\"row-hover\">\n<tr class=\"row-2 even\">\n\t<td class=\"column-1\">Magnetfeldsensormodul GY-273 mit HMC5883L<\/td><td class=\"column-2\">Magnetfeld, Magnetowiderstand, I2C<\/td><td class=\"column-3\"><a href=\"https:\/\/g-heinrichs.de\/attiny\/module\/HMC5883L.pdf\">download<\/a><\/td>\n<\/tr>\n<tr class=\"row-3 odd\">\n\t<td class=\"column-1\">Drehgeber KY040<\/td><td class=\"column-2\">Gray-Code<\/td><td class=\"column-3\"><a href=\"https:\/\/g-heinrichs.de\/attiny\/module\/KY040F.pdf\">download<\/a><\/td>\n<\/tr>\n<tr class=\"row-4 even\">\n\t<td class=\"column-1\">LED-Dot-Matrix<\/td><td class=\"column-2\">LED-Matrix, MAX7219, SPI<\/td><td class=\"column-3\"><a href=\"https:\/\/g-heinrichs.de\/attiny\/module\/led_dot_matrix.pdf\">download<\/a><\/td>\n<\/tr>\n<tr class=\"row-5 odd\">\n\t<td class=\"column-1\">Beschleunigungssensor GY521 mit MPU6050<\/td><td class=\"column-2\">MPU 6050, Beschleunigung, Temperatur, I2C<\/td><td class=\"column-3\"><a href=\"https:\/\/g-heinrichs.de\/attiny\/module\/Mpu6050.pdf\">download<\/a><\/td>\n<\/tr>\n<tr class=\"row-6 even\">\n\t<td class=\"column-1\">Entfernungsmessung mit dem SRF02<\/td><td class=\"column-2\">Entfernung, Ultraschall, SRF02, I2C, RS232, Befehlsregister, Datenregister<\/td><td class=\"column-3\"><a href=\"https:\/\/g-heinrichs.de\/attiny\/module\/srf02.pdf\">download<\/a><\/td>\n<\/tr>\n<tr class=\"row-7 odd\">\n\t<td class=\"column-1\">Entfernungsmessung mit dem HC-SR04<\/td><td class=\"column-2\">Entfernung, Ultraschall, Zeitmessung, Timer-Komponente<\/td><td class=\"column-3\"><a href=\"https:\/\/g-heinrichs.de\/attiny\/module\/HC_SR04.pdf\">download<\/a><\/td>\n<\/tr>\n<tr class=\"row-8 even\">\n\t<td class=\"column-1\">Zeitanzeige mit dem DCF77<\/td><td class=\"column-2\">DCF, Funkuhr, Interrupt<\/td><td class=\"column-3\"><a href=\"https:\/\/g-heinrichs.de\/attiny\/module\/DCF77.pdf\">download<\/a><\/td>\n<\/tr>\n<tr class=\"row-9 odd\">\n\t<td class=\"column-1\">RS232-GPS-Modul an Attiny-Platine<\/td><td class=\"column-2\">GPS, Navilock, NL-550RS, RS232<\/td><td class=\"column-3\"><a href=\"https:\/\/g-heinrichs.de\/attiny\/module\/attiny_gps_rs232.pdf\">download<\/a><\/td>\n<\/tr>\n<tr class=\"row-10 even\">\n\t<td class=\"column-1\">TTL-GPS-Modul an Attiny-Platine<\/td><td class=\"column-2\">GPS, Navilock, NL-552ETTL, TTL, NMEA-Protokoll, GPRMC<\/td><td class=\"column-3\"><a href=\"https:\/\/g-heinrichs.de\/attiny\/module\/attiny_gps_ttl.pdf\">download<\/a><\/td>\n<\/tr>\n<tr class=\"row-11 odd\">\n\t<td class=\"column-1\">Funken mit dem rfm12-Modul<\/td><td class=\"column-2\">SPI, USI, rfm12, Senden, Empfangen, <\/td><td class=\"column-3\"><a href=\"https:\/\/g-heinrichs.de\/attiny\/module\/rfm12.pdf\">download<\/a><\/td>\n<\/tr>\n<tr class=\"row-12 even\">\n\t<td class=\"column-1\">I2C-LCD von YwRobot<\/td><td class=\"column-2\">I2C, LCD, YwRobot, BASCOM, Library<\/td><td class=\"column-3\"><a href=\"https:\/\/g-heinrichs.de\/attiny\/module\/i2c_lcd_ywrobot.pdf\">download<\/a><\/td>\n<\/tr>\n<tr class=\"row-13 odd\">\n\t<td class=\"column-1\">Kompassmodul HDMM01<\/td><td class=\"column-2\">Magnetfeld, MMC2120M, Riesen-Magneto-Widerstand, I2C<\/td><td class=\"column-3\"><a href=\"https:\/\/g-heinrichs.de\/attiny\/module\/hdmm01.pdf\">download<\/a><\/td>\n<\/tr>\n<tr class=\"row-14 even\">\n\t<td class=\"column-1\">GSM-Modul mit SIM800L<\/td><td class=\"column-2\">GSM, SIM800L, SMS, AT-Command, Handy, HTTP, Telefon<\/td><td class=\"column-3\"><a href=\"https:\/\/g-heinrichs.de\/attiny\/module\/SIM800L.pdf\">download<\/a><\/td>\n<\/tr>\n<tr class=\"row-15 odd\">\n\t<td class=\"column-1\">Anzeige-Taster-Modul TM1638<\/td><td class=\"column-2\">TM1638, 7-Segment-Anzeige, Displayregister, Multiplexen, Grid, PWM, SPI, Scan, Taster<\/td><td class=\"column-3\"><a href=\"https:\/\/g-heinrichs.de\/attiny\/module\/TM1638.pdf\">download<\/a><\/td>\n<\/tr>\n<tr class=\"row-16 even\">\n\t<td class=\"column-1\">Daten loggen mit der STI100-Platine<\/td><td class=\"column-2\">USB, Daten, loggen, DOS, Temperatur<\/td><td class=\"column-3\"><a href=\"https:\/\/g-heinrichs.de\/attiny\/module\/STI100.pdf\">download<\/a><\/td>\n<\/tr>\n<tr class=\"row-17 odd\">\n\t<td class=\"column-1\">Lux-Sensor BH-1750<\/td><td class=\"column-2\">I2C, Beleuchtungsst\u00e4rke<\/td><td class=\"column-3\"><a href=\"https:\/\/g-heinrichs.de\/attiny\/module\/Lux_Sensor.pdf\">download<\/a><\/td>\n<\/tr>\n<tr class=\"row-18 even\">\n\t<td class=\"column-1\">BLE-Modul SH-HC-08<\/td><td class=\"column-2\">Funk-Modul, Bluetooth, Server, Handy<\/td><td class=\"column-3\"><a href=\"https:\/\/g-heinrichs.de\/attiny\/module\/SH_HC_08.pdf\">download<\/a><\/td>\n<\/tr>\n<\/tbody>\n<\/table>\n<!-- #tablepress-3 from cache -->\n<hr \/>\n<p>Weitere Module werden &#8211; in k\u00fcrzerer Form &#8211; auf meinem <a href=\"https:\/\/www.forum.g-heinrichs.de\/viewforum.php?f=12\">Forum<\/a> vorgestellt.<\/p>\n","protected":false},"excerpt":{"rendered":"<p>F\u00fcr unsere Attiny-Platine, das Nano-Board und andere Mikrocontroller-Boards gibt es zahlreiche Module mit Sensoren, Aktoren, \u2026 f\u00fcr die unterschiedlichsten Anwendungen, vom Funk-Modul \u00fcber Entfernungsmesser bis zur 8-ziffrigen Siebensegmentanzeige. Die folgenden Beitr\u00e4ge stellen solche Module vor. Zwei Aspekte stehen dabei gleichrangig im Vordergrund: Grundlagen der Funktionsweise Praktischer Umgang und Programmierung Ultraschallsensor, Funkuhrmodul, Funkmodul Weitere Module werden <span class=\"ellipsis\">&hellip;<\/span> <span class=\"more-link-wrap\"><a href=\"https:\/\/www.g-heinrichs.de\/wordpress\/index.php\/attiny\/module\/\" class=\"more-link\"><span>Read More &rarr;<\/span><\/a><\/span><\/p>\n","protected":false},"author":1,"featured_media":0,"parent":110,"menu_order":0,"comment_status":"closed","ping_status":"closed","template":"","meta":{"footnotes":""},"_links":{"self":[{"href":"https:\/\/www.g-heinrichs.de\/wordpress\/index.php\/wp-json\/wp\/v2\/pages\/766"}],"collection":[{"href":"https:\/\/www.g-heinrichs.de\/wordpress\/index.php\/wp-json\/wp\/v2\/pages"}],"about":[{"href":"https:\/\/www.g-heinrichs.de\/wordpress\/index.php\/wp-json\/wp\/v2\/types\/page"}],"author":[{"embeddable":true,"href":"https:\/\/www.g-heinrichs.de\/wordpress\/index.php\/wp-json\/wp\/v2\/users\/1"}],"replies":[{"embeddable":true,"href":"https:\/\/www.g-heinrichs.de\/wordpress\/index.php\/wp-json\/wp\/v2\/comments?post=766"}],"version-history":[{"count":21,"href":"https:\/\/www.g-heinrichs.de\/wordpress\/index.php\/wp-json\/wp\/v2\/pages\/766\/revisions"}],"predecessor-version":[{"id":1737,"href":"https:\/\/www.g-heinrichs.de\/wordpress\/index.php\/wp-json\/wp\/v2\/pages\/766\/revisions\/1737"}],"up":[{"embeddable":true,"href":"https:\/\/www.g-heinrichs.de\/wordpress\/index.php\/wp-json\/wp\/v2\/pages\/110"}],"wp:attachment":[{"href":"https:\/\/www.g-heinrichs.de\/wordpress\/index.php\/wp-json\/wp\/v2\/media?parent=766"}],"curies":[{"name":"wp","href":"https:\/\/api.w.org\/{rel}","templated":true}]}}